{"id":1134,"date":"2025-09-16T16:06:05","date_gmt":"2025-09-16T19:06:05","guid":{"rendered":"https:\/\/hubvitacura.glympses.cl\/?page_id=1134"},"modified":"2025-10-08T14:01:34","modified_gmt":"2025-10-08T17:01:34","slug":"smart-vitacura","status":"publish","type":"page","link":"https:\/\/hubvitacura.cl\/home\/smart-vitacura\/","title":{"rendered":"Smart Vitacura"},"content":{"rendered":"\t\t<div data-elementor-type=\"wp-page\" data-elementor-id=\"1134\" class=\"elementor elementor-1134\" data-elementor-post-type=\"page\">\n\t\t\t\t<div class=\"elementor-element elementor-element-80803ab e-con-full e-flex e-con e-parent\" data-id=\"80803ab\" data-element_type=\"container\" data-e-type=\"container\">\n\t\t\t\t<div class=\"elementor-element elementor-element-7d7ae4d elementor-widget elementor-widget-image\" data-id=\"7d7ae4d\" data-element_type=\"widget\" data-e-type=\"widget\" data-widget_type=\"image.default\">\n\t\t\t\t\t\t\t\t\t\t\t\t\t\t\t<img fetchpriority=\"high\" decoding=\"async\" width=\"2560\" height=\"387\" src=\"https:\/\/hubvitacura.cl\/wp-content\/uploads\/2025\/09\/smart-vitacuyrea-scaled.jpg\" class=\"attachment-full size-full wp-image-3783\" alt=\"\" srcset=\"https:\/\/hubvitacura.cl\/wp-content\/uploads\/2025\/09\/smart-vitacuyrea-scaled.jpg 2560w, https:\/\/hubvitacura.cl\/wp-content\/uploads\/2025\/09\/smart-vitacuyrea-300x45.jpg 300w, https:\/\/hubvitacura.cl\/wp-content\/uploads\/2025\/09\/smart-vitacuyrea-1024x155.jpg 1024w, https:\/\/hubvitacura.cl\/wp-content\/uploads\/2025\/09\/smart-vitacuyrea-768x116.jpg 768w, https:\/\/hubvitacura.cl\/wp-content\/uploads\/2025\/09\/smart-vitacuyrea-1536x232.jpg 1536w, https:\/\/hubvitacura.cl\/wp-content\/uploads\/2025\/09\/smart-vitacuyrea-2048x309.jpg 2048w\" sizes=\"(max-width: 2560px) 100vw, 2560px\" \/>\t\t\t\t\t\t\t\t\t\t\t\t\t\t\t<\/div>\n\t\t\t\t<\/div>\n\t\t<div class=\"elementor-element elementor-element-3b7de72 e-flex e-con-boxed e-con e-parent\" data-id=\"3b7de72\" data-element_type=\"container\" data-e-type=\"container\">\n\t\t\t\t\t<div class=\"e-con-inner\">\n\t\t\t\t<div class=\"elementor-element elementor-element-da87fc7 elementor-widget elementor-widget-heading\" data-id=\"da87fc7\" data-element_type=\"widget\" data-e-type=\"widget\" data-widget_type=\"heading.default\">\n\t\t\t\t\t<h2 class=\"elementor-heading-title elementor-size-default\">\u00bfQU\u00c9 ES?<\/h2>\t\t\t\t<\/div>\n\t\t\t\t<div class=\"elementor-element elementor-element-e9d80e5 elementor-widget__width-initial elementor-widget elementor-widget-text-editor\" data-id=\"e9d80e5\" data-element_type=\"widget\" data-e-type=\"widget\" data-widget_type=\"text-editor.default\">\n\t\t\t\t\t\t\t\t\t<p>Es un\u00a0fondo concursable\u00a0para financiar pilotos de <span class=\"fuente-alternativa\">\u00a0soluciones innovadoras<\/span>\u00a0en materias de<br \/><span class=\"fuente-alternativa\">Smart City<\/span>\u00a0presentes en la comuna de Vitacura.<\/p>\t\t\t\t\t\t\t\t<\/div>\n\t\t\t\t\t<\/div>\n\t\t\t\t<\/div>\n\t\t<div class=\"elementor-element elementor-element-712ec8c e-flex e-con-boxed e-con e-parent\" data-id=\"712ec8c\" data-element_type=\"container\" data-e-type=\"container\">\n\t\t\t\t\t<div class=\"e-con-inner\">\n\t\t\t\t<div class=\"elementor-element elementor-element-0a06d6d elementor-widget elementor-widget-heading\" data-id=\"0a06d6d\" data-element_type=\"widget\" data-e-type=\"widget\" data-widget_type=\"heading.default\">\n\t\t\t\t\t<h2 class=\"elementor-heading-title elementor-size-default\">\u00bfQUI\u00c9N PUEDE POSTULAR?<\/h2>\t\t\t\t<\/div>\n\t\t\t\t<div class=\"elementor-element elementor-element-76fb2e1 elementor-widget__width-initial elementor-widget elementor-widget-text-editor\" data-id=\"76fb2e1\" data-element_type=\"widget\" data-e-type=\"widget\" data-widget_type=\"text-editor.default\">\n\t\t\t\t\t\t\t\t\t<p>Quienes tengan\u00a0<span class=\"fuente-alternativa\">proyectos de innovaci\u00f3n de base tecnol\u00f3gica<\/span>, basadas en tecnolog\u00edas emergentes como<br \/>Inteligencia Artificial, Blockchain, IoT, Cloud Computing, entre otras, que sean capaces de resolver desaf\u00edos en materia de<br \/><span class=\"fuente-alternativa\">Smart City<\/span>\u00a0presentes en el territorio de la comuna de Vitacura.<\/p>\t\t\t\t\t\t\t\t<\/div>\n\t\t\t\t\t<\/div>\n\t\t\t\t<\/div>\n\t\t<div class=\"elementor-element elementor-element-85548bb e-flex e-con-boxed e-con e-parent\" data-id=\"85548bb\" data-element_type=\"container\" data-e-type=\"container\">\n\t\t\t\t\t<div class=\"e-con-inner\">\n\t\t\t\t<div class=\"elementor-element elementor-element-bdc915d elementor-widget elementor-widget-heading\" data-id=\"bdc915d\" data-element_type=\"widget\" data-e-type=\"widget\" data-widget_type=\"heading.default\">\n\t\t\t\t\t<h2 class=\"elementor-heading-title elementor-size-default\">GANADORES Y PREMIO<\/h2>\t\t\t\t<\/div>\n\t\t\t\t<div class=\"elementor-element elementor-element-439416f elementor-widget__width-initial elementor-widget elementor-widget-text-editor\" data-id=\"439416f\" data-element_type=\"widget\" data-e-type=\"widget\" data-widget_type=\"text-editor.default\">\n\t\t\t\t\t\t\t\t\t<p>Habr\u00e1n 2 proyectos ganadores que recibir\u00e1n\u00a0<span class=\"fuente-alternativa\">$10.000.000.CLP<\/span><br \/>c\/u para testear sus soluciones en la comuna.<\/p>\t\t\t\t\t\t\t\t<\/div>\n\t\t\t\t\t<\/div>\n\t\t\t\t<\/div>\n\t\t<div class=\"elementor-element elementor-element-646a42a e-flex e-con-boxed e-con e-parent\" data-id=\"646a42a\" data-element_type=\"container\" data-e-type=\"container\" data-settings=\"{&quot;background_background&quot;:&quot;classic&quot;}\">\n\t\t\t\t\t<div class=\"e-con-inner\">\n\t\t\t\t<div class=\"elementor-element elementor-element-7a9b875 elementor-widget elementor-widget-heading\" data-id=\"7a9b875\" data-element_type=\"widget\" data-e-type=\"widget\" data-widget_type=\"heading.default\">\n\t\t\t\t\t<h2 class=\"elementor-heading-title elementor-size-default\">POSTULACIONES CERRADAS<\/h2>\t\t\t\t<\/div>\n\t\t\t\t\t<\/div>\n\t\t\t\t<\/div>\n\t\t<div class=\"elementor-element elementor-element-a2165cf e-flex e-con-boxed e-con e-parent\" data-id=\"a2165cf\" data-element_type=\"container\" data-e-type=\"container\" data-settings=\"{&quot;background_background&quot;:&quot;classic&quot;}\">\n\t\t\t\t\t<div class=\"e-con-inner\">\n\t\t\t\t<div class=\"elementor-element elementor-element-cc256dc elementor-widget elementor-widget-button\" data-id=\"cc256dc\" data-element_type=\"widget\" data-e-type=\"widget\" data-widget_type=\"button.default\">\n\t\t\t\t\t\t\t\t\t\t<a class=\"elementor-button elementor-button-link elementor-size-sm elementor-animation-grow\" href=\"https:\/\/hubvitacura.cl\/wp-content\/uploads\/2025\/10\/Boton-Listado-de-preseleccionados.pdf\">\n\t\t\t\t\t\t<span class=\"elementor-button-content-wrapper\">\n\t\t\t\t\t\t\t\t\t<span class=\"elementor-button-text\">Listado Preseleccionados<\/span>\n\t\t\t\t\t<\/span>\n\t\t\t\t\t<\/a>\n\t\t\t\t\t\t\t\t<\/div>\n\t\t\t\t<div class=\"elementor-element elementor-element-8aa094b elementor-widget elementor-widget-button\" data-id=\"8aa094b\" data-element_type=\"widget\" data-e-type=\"widget\" data-widget_type=\"button.default\">\n\t\t\t\t\t\t\t\t\t\t<a class=\"elementor-button elementor-button-link elementor-size-sm elementor-animation-grow\" href=\"https:\/\/hubvitacura.cl\/wp-content\/uploads\/2025\/10\/Boton-bases-smart-vitacura.pdf\">\n\t\t\t\t\t\t<span class=\"elementor-button-content-wrapper\">\n\t\t\t\t\t\t\t\t\t<span class=\"elementor-button-text\">Descarga las Bases<\/span>\n\t\t\t\t\t<\/span>\n\t\t\t\t\t<\/a>\n\t\t\t\t\t\t\t\t<\/div>\n\t\t\t\t<div class=\"elementor-element elementor-element-29cae84 elementor-widget elementor-widget-button\" data-id=\"29cae84\" data-element_type=\"widget\" data-e-type=\"widget\" data-widget_type=\"button.default\">\n\t\t\t\t\t\t\t\t\t\t<a class=\"elementor-button elementor-button-link elementor-size-sm elementor-animation-grow\" href=\"https:\/\/hubvitacura.cl\/wp-content\/uploads\/2025\/10\/Boton-Anexo1-Smart-Vitacura.pdf\">\n\t\t\t\t\t\t<span class=\"elementor-button-content-wrapper\">\n\t\t\t\t\t\t\t\t\t<span class=\"elementor-button-text\">Descarga Anexo n\u00b01<\/span>\n\t\t\t\t\t<\/span>\n\t\t\t\t\t<\/a>\n\t\t\t\t\t\t\t\t<\/div>\n\t\t\t\t\t<\/div>\n\t\t\t\t<\/div>\n\t\t<div class=\"elementor-element elementor-element-33c9774 e-con-full e-flex e-con e-parent\" data-id=\"33c9774\" data-element_type=\"container\" data-e-type=\"container\" data-settings=\"{&quot;background_background&quot;:&quot;classic&quot;}\">\n\t\t\t\t<div class=\"elementor-element elementor-element-96e1447 elementor-arrows-position-outside elementor-widget-tablet__width-initial elementor-widget elementor-widget-image-carousel\" data-id=\"96e1447\" data-element_type=\"widget\" data-e-type=\"widget\" data-settings=\"{&quot;slides_to_show&quot;:&quot;1&quot;,&quot;navigation&quot;:&quot;arrows&quot;,&quot;autoplay&quot;:&quot;yes&quot;,&quot;pause_on_hover&quot;:&quot;yes&quot;,&quot;pause_on_interaction&quot;:&quot;yes&quot;,&quot;autoplay_speed&quot;:5000,&quot;infinite&quot;:&quot;yes&quot;,&quot;effect&quot;:&quot;slide&quot;,&quot;speed&quot;:500}\" data-widget_type=\"image-carousel.default\">\n\t\t\t\t\t\t\t<div class=\"elementor-image-carousel-wrapper swiper\" role=\"region\" aria-roledescription=\"carousel\" aria-label=\"Carrusel de im\u00e1genes\" dir=\"ltr\">\n\t\t\t<div class=\"elementor-image-carousel swiper-wrapper\" aria-live=\"off\">\n\t\t\t\t\t\t\t\t<div class=\"swiper-slide\" role=\"group\" aria-roledescription=\"slide\" aria-label=\"1 de 3\"><figure class=\"swiper-slide-inner\"><img decoding=\"async\" class=\"swiper-slide-image\" src=\"https:\/\/hubvitacura.cl\/wp-content\/uploads\/2025\/09\/Ganadores-smart-2025-768x513.png\" alt=\"GANADORES 2025\" \/><figcaption class=\"elementor-image-carousel-caption\">Ganadores smart 2025<\/figcaption><\/figure><\/div><div class=\"swiper-slide\" role=\"group\" aria-roledescription=\"slide\" aria-label=\"2 de 3\"><figure class=\"swiper-slide-inner\"><img decoding=\"async\" class=\"swiper-slide-image\" src=\"https:\/\/hubvitacura.cl\/wp-content\/uploads\/2025\/09\/Ganadores-smart-2024-768x512.png\" alt=\"GANADORES 2024\" \/><figcaption class=\"elementor-image-carousel-caption\">Ganadores smart 2024<\/figcaption><\/figure><\/div><div class=\"swiper-slide\" role=\"group\" aria-roledescription=\"slide\" aria-label=\"3 de 3\"><figure class=\"swiper-slide-inner\"><img decoding=\"async\" class=\"swiper-slide-image\" src=\"https:\/\/hubvitacura.cl\/wp-content\/uploads\/2025\/09\/Ganadores-smart-2023-768x512.jpg\" alt=\"GANADORES 2023\" \/><figcaption class=\"elementor-image-carousel-caption\">Ganadores smart 2023<\/figcaption><\/figure><\/div>\t\t\t<\/div>\n\t\t\t\t\t\t\t\t\t\t\t\t<div class=\"elementor-swiper-button elementor-swiper-button-prev\" role=\"button\" tabindex=\"0\">\n\t\t\t\t\t\t<svg aria-hidden=\"true\" class=\"e-font-icon-svg e-eicon-chevron-left\" viewBox=\"0 0 1000 1000\" xmlns=\"http:\/\/www.w3.org\/2000\/svg\"><path d=\"M646 125C629 125 613 133 604 142L308 442C296 454 292 471 292 487 292 504 296 521 308 533L604 854C617 867 629 875 646 875 663 875 679 871 692 858 704 846 713 829 713 812 713 796 708 779 692 767L438 487 692 225C700 217 708 204 708 187 708 171 704 154 692 142 675 129 663 125 646 125Z\"><\/path><\/svg>\t\t\t\t\t<\/div>\n\t\t\t\t\t<div class=\"elementor-swiper-button elementor-swiper-button-next\" role=\"button\" tabindex=\"0\">\n\t\t\t\t\t\t<svg aria-hidden=\"true\" class=\"e-font-icon-svg e-eicon-chevron-right\" viewBox=\"0 0 1000 1000\" xmlns=\"http:\/\/www.w3.org\/2000\/svg\"><path d=\"M696 533C708 521 713 504 713 487 713 471 708 454 696 446L400 146C388 133 375 125 354 125 338 125 325 129 313 142 300 154 292 171 292 187 292 204 296 221 308 233L563 492 304 771C292 783 288 800 288 817 288 833 296 850 308 863 321 871 338 875 354 875 371 875 388 867 400 854L696 533Z\"><\/path><\/svg>\t\t\t\t\t<\/div>\n\t\t\t\t\n\t\t\t\t\t\t\t\t\t<\/div>\n\t\t\t\t\t\t<\/div>\n\t\t\t\t<\/div>\n\t\t<div class=\"elementor-element elementor-element-8e83161 e-flex e-con-boxed e-con e-parent\" data-id=\"8e83161\" data-element_type=\"container\" data-e-type=\"container\">\n\t\t\t\t\t<div class=\"e-con-inner\">\n\t\t\t\t<div class=\"elementor-element elementor-element-44de219 elementor-widget-tablet__width-initial elementor-widget elementor-widget-image\" data-id=\"44de219\" data-element_type=\"widget\" data-e-type=\"widget\" data-widget_type=\"image.default\">\n\t\t\t\t\t\t\t\t\t\t\t\t\t\t\t<img decoding=\"async\" width=\"800\" height=\"121\" src=\"https:\/\/hubvitacura.cl\/wp-content\/uploads\/2025\/09\/chile-global-1024x155.png\" class=\"attachment-large size-large wp-image-4707\" alt=\"\" srcset=\"https:\/\/hubvitacura.cl\/wp-content\/uploads\/2025\/09\/chile-global-1024x155.png 1024w, https:\/\/hubvitacura.cl\/wp-content\/uploads\/2025\/09\/chile-global-300x45.png 300w, https:\/\/hubvitacura.cl\/wp-content\/uploads\/2025\/09\/chile-global-768x116.png 768w, https:\/\/hubvitacura.cl\/wp-content\/uploads\/2025\/09\/chile-global-1536x232.png 1536w, https:\/\/hubvitacura.cl\/wp-content\/uploads\/2025\/09\/chile-global-2048x309.png 2048w\" sizes=\"(max-width: 800px) 100vw, 800px\" \/>\t\t\t\t\t\t\t\t\t\t\t\t\t\t\t<\/div>\n\t\t\t\t\t<\/div>\n\t\t\t\t<\/div>\n\t\t\t\t<\/div>\n\t\t","protected":false},"excerpt":{"rendered":"<p>\u00bfQU\u00c9 ES? Es un\u00a0fondo concursable\u00a0para financiar pilotos de \u00a0soluciones innovadoras\u00a0en materias deSmart City\u00a0presentes en la comuna de Vitacura. \u00bfQUI\u00c9N PUEDE POSTULAR? Quienes tengan\u00a0proyectos de innovaci\u00f3n de base tecnol\u00f3gica, basadas en tecnolog\u00edas emergentes comoInteligencia Artificial, Blockchain, IoT, Cloud Computing, entre otras, que sean capaces de resolver desaf\u00edos en materia deSmart City\u00a0presentes en el territorio de la [&hellip;]<\/p>\n","protected":false},"author":1,"featured_media":0,"parent":0,"menu_order":0,"comment_status":"closed","ping_status":"closed","template":"","meta":{"footnotes":""},"class_list":["post-1134","page","type-page","status-publish","hentry"],"_links":{"self":[{"href":"https:\/\/hubvitacura.cl\/home\/wp-json\/wp\/v2\/pages\/1134","targetHints":{"allow":["GET"]}}],"collection":[{"href":"https:\/\/hubvitacura.cl\/home\/wp-json\/wp\/v2\/pages"}],"about":[{"href":"https:\/\/hubvitacura.cl\/home\/wp-json\/wp\/v2\/types\/page"}],"author":[{"embeddable":true,"href":"https:\/\/hubvitacura.cl\/home\/wp-json\/wp\/v2\/users\/1"}],"replies":[{"embeddable":true,"href":"https:\/\/hubvitacura.cl\/home\/wp-json\/wp\/v2\/comments?post=1134"}],"version-history":[{"count":607,"href":"https:\/\/hubvitacura.cl\/home\/wp-json\/wp\/v2\/pages\/1134\/revisions"}],"predecessor-version":[{"id":9813,"href":"https:\/\/hubvitacura.cl\/home\/wp-json\/wp\/v2\/pages\/1134\/revisions\/9813"}],"wp:attachment":[{"href":"https:\/\/hubvitacura.cl\/home\/wp-json\/wp\/v2\/media?parent=1134"}],"curies":[{"name":"wp","href":"https:\/\/api.w.org\/{rel}","templated":true}]}}