{"id":7455,"date":"2025-10-06T13:45:04","date_gmt":"2025-10-06T16:45:04","guid":{"rendered":"https:\/\/hubvitacura.glympses.cl\/home\/?page_id=7455"},"modified":"2025-10-08T15:10:24","modified_gmt":"2025-10-08T18:10:24","slug":"empleos-vitacura","status":"publish","type":"page","link":"https:\/\/hubvitacura.cl\/home\/empleos-vitacura\/","title":{"rendered":"Empleos Vitacura"},"content":{"rendered":"\t\t<div data-elementor-type=\"wp-page\" data-elementor-id=\"7455\" class=\"elementor elementor-7455\" data-elementor-post-type=\"page\">\n\t\t\t\t<div class=\"elementor-element elementor-element-b1454f5 e-flex e-con-boxed e-con e-parent\" data-id=\"b1454f5\" data-element_type=\"container\" data-e-type=\"container\">\n\t\t\t\t\t<div class=\"e-con-inner\">\n\t\t<div class=\"elementor-element elementor-element-eb53fa2 e-con-full e-flex e-con e-child\" data-id=\"eb53fa2\" data-element_type=\"container\" data-e-type=\"container\">\n\t\t\t\t<div class=\"elementor-element elementor-element-80f1da4 elementor-widget elementor-widget-heading\" data-id=\"80f1da4\" data-element_type=\"widget\" data-e-type=\"widget\" data-widget_type=\"heading.default\">\n\t\t\t\t\t<h2 class=\"elementor-heading-title elementor-size-default\">\u00bfTIENES OFERTAS LABORALES?<\/h2>\t\t\t\t<\/div>\n\t\t\t\t<\/div>\n\t\t\t\t\t<\/div>\n\t\t\t\t<\/div>\n\t\t<div class=\"elementor-element elementor-element-508bb27 e-flex e-con-boxed e-con e-parent\" data-id=\"508bb27\" data-element_type=\"container\" data-e-type=\"container\">\n\t\t\t\t\t<div class=\"e-con-inner\">\n\t\t<div class=\"elementor-element elementor-element-8a92588 e-con-full e-flex e-con e-child\" data-id=\"8a92588\" data-element_type=\"container\" data-e-type=\"container\">\n\t\t\t\t<div class=\"elementor-element elementor-element-7851204 elementor-widget__width-initial elementor-widget elementor-widget-text-editor\" data-id=\"7851204\" data-element_type=\"widget\" data-e-type=\"widget\" data-widget_type=\"text-editor.default\">\n\t\t\t\t\t\t\t\t\t<p>En un mercado laboral cada vez m\u00e1s competitivo y din\u00e1mico, construir alianzas estrat\u00e9gicas es clave para conectar de manera efectiva a quienes buscan empleo con las empresas que requieren talento. Por eso, y como parte del compromiso de Vitacura con el desarrollo laboral local, ponemos a disposici\u00f3n este espacio en alianza con\u00a0<span style=\"color: #0086ff;\">Trabajando.com<\/span>, para que tu <span style=\"color: #0086ff;\">empresa pueda enviar sus vacantes y as\u00ed facilitar que nuestros vecinos accedan a nuevas oportunidades de trabajo<\/span>.<\/p>\t\t\t\t\t\t\t\t<\/div>\n\t\t\t\t<\/div>\n\t\t\t\t\t<\/div>\n\t\t\t\t<\/div>\n\t\t<div class=\"elementor-element elementor-element-1d4a759 e-flex e-con-boxed e-con e-parent\" data-id=\"1d4a759\" data-element_type=\"container\" data-e-type=\"container\">\n\t\t\t\t\t<div class=\"e-con-inner\">\n\t\t\t\t<div class=\"elementor-element elementor-element-74eeff0 elementor-widget__width-initial elementor-widget elementor-widget-text-editor\" data-id=\"74eeff0\" data-element_type=\"widget\" data-e-type=\"widget\" data-widget_type=\"text-editor.default\">\n\t\t\t\t\t\t\t\t\t<p>Juntos, construimos una red de empleabilidad con impacto real en la comunidad<\/p>\t\t\t\t\t\t\t\t<\/div>\n\t\t\t\t\t<\/div>\n\t\t\t\t<\/div>\n\t\t<div class=\"elementor-element elementor-element-cedd3f1 e-flex e-con-boxed e-con e-parent\" data-id=\"cedd3f1\" data-element_type=\"container\" data-e-type=\"container\">\n\t\t\t\t\t<div class=\"e-con-inner\">\n\t\t<div class=\"elementor-element elementor-element-3ca648a e-con-full e-flex e-con e-child\" data-id=\"3ca648a\" data-element_type=\"container\" data-e-type=\"container\">\n\t\t\t\t<div class=\"elementor-element elementor-element-f400d4d elementor-widget elementor-widget-button\" data-id=\"f400d4d\" data-element_type=\"widget\" data-e-type=\"widget\" data-widget_type=\"button.default\">\n\t\t\t\t\t\t\t\t\t\t<a class=\"elementor-button elementor-button-link elementor-size-sm elementor-animation-grow\" href=\"https:\/\/vitacura.gpsrrhh.com\/companies\/createSimple\" target=\"_blank\">\n\t\t\t\t\t\t<span class=\"elementor-button-content-wrapper\">\n\t\t\t\t\t\t\t\t\t<span class=\"elementor-button-text\">PORTAL DE EMPLEO<\/span>\n\t\t\t\t\t<\/span>\n\t\t\t\t\t<\/a>\n\t\t\t\t\t\t\t\t<\/div>\n\t\t\t\t<\/div>\n\t\t\t\t\t<\/div>\n\t\t\t\t<\/div>\n\t\t<div class=\"elementor-element elementor-element-e1f7b64 e-flex e-con-boxed e-con e-parent\" data-id=\"e1f7b64\" data-element_type=\"container\" data-e-type=\"container\">\n\t\t\t\t\t<div class=\"e-con-inner\">\n\t\t<div class=\"elementor-element elementor-element-1e5254a e-con-full e-flex e-con e-child\" data-id=\"1e5254a\" data-element_type=\"container\" data-e-type=\"container\">\n\t\t\t\t<div class=\"elementor-element elementor-element-e06d15f elementor-widget elementor-widget-heading\" data-id=\"e06d15f\" data-element_type=\"widget\" data-e-type=\"widget\" data-widget_type=\"heading.default\">\n\t\t\t\t\t<h2 class=\"elementor-heading-title elementor-size-default\">\u00bfBUSCAS EMPLEO?<\/h2>\t\t\t\t<\/div>\n\t\t\t\t<\/div>\n\t\t\t\t\t<\/div>\n\t\t\t\t<\/div>\n\t\t<div class=\"elementor-element elementor-element-c6d540f e-flex e-con-boxed e-con e-parent\" data-id=\"c6d540f\" data-element_type=\"container\" data-e-type=\"container\">\n\t\t\t\t\t<div class=\"e-con-inner\">\n\t\t<div class=\"elementor-element elementor-element-3d252f5 e-con-full e-flex e-con e-child\" data-id=\"3d252f5\" data-element_type=\"container\" data-e-type=\"container\">\n\t\t\t\t<div class=\"elementor-element elementor-element-a1f1a3d elementor-widget__width-initial elementor-widget elementor-widget-text-editor\" data-id=\"a1f1a3d\" data-element_type=\"widget\" data-e-type=\"widget\" data-widget_type=\"text-editor.default\">\n\t\t\t\t\t\t\t\t\tEn un mercado laboral cada vez m\u00e1s competitivo y en constante cambio, acceder a las oportunidades correctas puede marcar la diferencia en tu futuro profesional. Por eso, y como parte del compromiso de Vitacura con el desarrollo laboral local, ponemos a tu disposici\u00f3n este espacio en alianza con Trabajando.com, donde podr\u00e1s encontrar ofertas vigentes de empresas que requieren talento como el tuyo.\t\t\t\t\t\t\t\t<\/div>\n\t\t\t\t<div class=\"elementor-element elementor-element-abce5e6 elementor-widget__width-initial elementor-widget elementor-widget-text-editor\" data-id=\"abce5e6\" data-element_type=\"widget\" data-e-type=\"widget\" data-widget_type=\"text-editor.default\">\n\t\t\t\t\t\t\t\t\t<p>Queremos que nuestros vecinos tengan acceso directo a oportunidades reales de crecimiento y desarrollo.<\/p><p>Juntos, construimos una red de empleabilidad con impacto positivo en la comunidad<\/p>\t\t\t\t\t\t\t\t<\/div>\n\t\t\t\t<\/div>\n\t\t\t\t\t<\/div>\n\t\t\t\t<\/div>\n\t\t<div class=\"elementor-element elementor-element-4d7fc0d e-flex e-con-boxed e-con e-parent\" data-id=\"4d7fc0d\" data-element_type=\"container\" data-e-type=\"container\">\n\t\t\t\t\t<div class=\"e-con-inner\">\n\t\t<div class=\"elementor-element elementor-element-edde54d e-con-full e-flex e-con e-child\" data-id=\"edde54d\" data-element_type=\"container\" data-e-type=\"container\">\n\t\t\t\t<div class=\"elementor-element elementor-element-3b4423f elementor-align-center elementor-widget elementor-widget-button\" data-id=\"3b4423f\" data-element_type=\"widget\" data-e-type=\"widget\" data-widget_type=\"button.default\">\n\t\t\t\t\t\t\t\t\t\t<a class=\"elementor-button elementor-button-link elementor-size-sm elementor-animation-grow\" href=\"https:\/\/empleosvitacura.trabajando.cl\/\" target=\"_blank\">\n\t\t\t\t\t\t<span class=\"elementor-button-content-wrapper\">\n\t\t\t\t\t\t\t\t\t<span class=\"elementor-button-text\">PORTAL DE EMPLEO<\/span>\n\t\t\t\t\t<\/span>\n\t\t\t\t\t<\/a>\n\t\t\t\t\t\t\t\t<\/div>\n\t\t\t\t<\/div>\n\t\t\t\t\t<\/div>\n\t\t\t\t<\/div>\n\t\t<div class=\"elementor-element elementor-element-5317d39 e-con-full e-flex e-con e-parent\" data-id=\"5317d39\" data-element_type=\"container\" data-e-type=\"container\">\n\t\t\t\t<div class=\"elementor-element elementor-element-cdf04b0 elementor-widget-mobile__width-initial elementor-widget elementor-widget-image\" data-id=\"cdf04b0\" data-element_type=\"widget\" data-e-type=\"widget\" data-widget_type=\"image.default\">\n\t\t\t\t\t\t\t\t\t\t\t\t\t\t\t<img fetchpriority=\"high\" decoding=\"async\" width=\"800\" height=\"121\" src=\"https:\/\/hubvitacura.cl\/wp-content\/uploads\/2025\/09\/portal-empleo-1024x155.png\" class=\"attachment-large size-large wp-image-4848\" alt=\"\" srcset=\"https:\/\/hubvitacura.cl\/wp-content\/uploads\/2025\/09\/portal-empleo-1024x155.png 1024w, https:\/\/hubvitacura.cl\/wp-content\/uploads\/2025\/09\/portal-empleo-300x45.png 300w, https:\/\/hubvitacura.cl\/wp-content\/uploads\/2025\/09\/portal-empleo-768x116.png 768w, https:\/\/hubvitacura.cl\/wp-content\/uploads\/2025\/09\/portal-empleo.png 1391w\" sizes=\"(max-width: 800px) 100vw, 800px\" \/>\t\t\t\t\t\t\t\t\t\t\t\t\t\t\t<\/div>\n\t\t\t\t<\/div>\n\t\t\t\t<\/div>\n\t\t","protected":false},"excerpt":{"rendered":"<p>\u00bfTIENES OFERTAS LABORALES? En un mercado laboral cada vez m\u00e1s competitivo y din\u00e1mico, construir alianzas estrat\u00e9gicas es clave para conectar de manera efectiva a quienes buscan empleo con las empresas que requieren talento. Por eso, y como parte del compromiso de Vitacura con el desarrollo laboral local, ponemos a disposici\u00f3n este espacio en alianza con\u00a0Trabajando.com, [&hellip;]<\/p>\n","protected":false},"author":1,"featured_media":0,"parent":0,"menu_order":0,"comment_status":"closed","ping_status":"closed","template":"","meta":{"footnotes":""},"class_list":["post-7455","page","type-page","status-publish","hentry"],"_links":{"self":[{"href":"https:\/\/hubvitacura.cl\/home\/wp-json\/wp\/v2\/pages\/7455","targetHints":{"allow":["GET"]}}],"collection":[{"href":"https:\/\/hubvitacura.cl\/home\/wp-json\/wp\/v2\/pages"}],"about":[{"href":"https:\/\/hubvitacura.cl\/home\/wp-json\/wp\/v2\/types\/page"}],"author":[{"embeddable":true,"href":"https:\/\/hubvitacura.cl\/home\/wp-json\/wp\/v2\/users\/1"}],"replies":[{"embeddable":true,"href":"https:\/\/hubvitacura.cl\/home\/wp-json\/wp\/v2\/comments?post=7455"}],"version-history":[{"count":79,"href":"https:\/\/hubvitacura.cl\/home\/wp-json\/wp\/v2\/pages\/7455\/revisions"}],"predecessor-version":[{"id":9880,"href":"https:\/\/hubvitacura.cl\/home\/wp-json\/wp\/v2\/pages\/7455\/revisions\/9880"}],"wp:attachment":[{"href":"https:\/\/hubvitacura.cl\/home\/wp-json\/wp\/v2\/media?parent=7455"}],"curies":[{"name":"wp","href":"https:\/\/api.w.org\/{rel}","templated":true}]}}